{"id":701,"date":"2023-10-26T15:15:58","date_gmt":"2023-10-26T15:15:58","guid":{"rendered":"https:\/\/test.mihaomejc.com\/organistica\/ales-razpotnik\/"},"modified":"2026-03-06T12:44:52","modified_gmt":"2026-03-06T12:44:52","slug":"ales-razpotnik","status":"publish","type":"page","link":"https:\/\/organistica.si\/en\/about-us\/ales-razpotnik\/","title":{"rendered":"Ale\u0161 Razpotnik"},"content":{"rendered":"<p>Old pipe organ instruments have long fascinated Ale\u0161. The first realisation of their historical and cultural value came to him when, in 2013-2014, with the help of organ builder Brane Ko\u0161ir and the Maribor Organ Workshop, he restored the Eisl positive in the branch church of St. Anne in \u0160emnik. During this time, he attended the Organ School of the Faculty of Theology in Ljubljana, where he met <a href=\"https:\/\/test.mihaomejc.com\/organistica\/en\/luka-posavec\/\">Luka Posavec<\/a> and together they began to formulate a vision of researching old organs from a technical and artistic point of view. He was also motivated by the lack of knowledge of organology in Slovenia, where he felt that he had an opportunity to contribute to raising respect for and protecting the precious organ heritage.<\/p>\n<p>Ale\u0161 began his organ studies in 2010 under the organ traineeship of Prof. Jo\u017ee Tro\u0161t and continued his studies in the Organ School of the Faculty of Theology in Ljubljana. He has been the organist in his home parish of Izlake since 2012. He is also the choirmaster of the church choir there. In 2016 he was also invited to be an organist in the parishes of \u0160entlambert and Zagorje ob Savi.<\/p>\n<p>Ale\u0161 is also a great lover of choral singing. For more than ten years he has been singing in several choirs, from the Zagorje Octet to the Prosavus Mixed Choir to the St. Nicholas Choir Litija. He was also the artistic director of the Zagorje Octet from 2018 to 2022.<\/p>\n<p>Music is not Ale\u0161&#8217;s only field of interest and activity, as he has also studied electrical engineering and computer science. Today, he uses the technical knowledge he has acquired to great advantage in the research, maintenance, and reconstruction of organs, which is where he has focused his career. He has worked with the organ building workshop <a href=\"https:\/\/orglarstvo-mocnik.si\/\" target=\"_blank\" rel=\"noopener\">Orglarstvo Mo\u010dnik<\/a> for several years and in 2023 accepted a position as an organ builder with them.<\/p>\n<blockquote><p>&#8220;Think before you take the next step.&#8221;<br \/>\nAle\u0161 Razpotnik<\/p><\/blockquote>\n<p>In 2022, he became a co-founder of the Organistica project with the goal of bridging knowledge gaps and establishing a professional standard for organology while also preserving the historical organ heritage. This initiative is gaining recognition from both Slovenian and international professional communities.<\/p>\n<p>At Organistica, Ale\u0161 plays a leading role in field documentation, where he is responsible for the technical aspect. Smiling and communicative, he always finds the right word at the right moment, which is also welcome in serious situations, where he can adapt and quickly reach a consensus among the participants.<\/p>\n<p>While admiring and respecting the legacy of the old organ masters, Ale\u0161 is a great advocate of a thoughtful approach to any intervention in the practice of the instruments. All with the aim to deepen and understand the different aspects of the instrument: from the technical and historical to the musical and artistic. It is therefore committed to bringing together the skills of organologists, organists and organ workshops and to developing good relations between them. This is the formula for success in the valuation and safeguarding of priceless historical instruments, both at home and abroad.<\/p>\n<p>Ale\u0161 sees his mission as shaping the development of Slovenian organ culture, as he wants to contribute to raising its level. He also sees an opportunity to encourage younger generations to discover their identity and the foundations of their future in the heritage of our ancestors, and therefore to adopt a respectful attitude towards it.<\/p>\n<p><a href=\"https:\/\/organistica.si\/wp-content\/uploads\/2026\/02\/Ales-Razpotnik-CV2026-ang.pdf\" target=\"_blank\" rel=\"noopener\">Biography<\/a><\/p>\n<hr \/>\n<h2>Contact<\/h2>\n<p><a href=\"mailto:ales.razpotnik@organistica.si\">ales.razpotnik@organistica.si<\/a><br \/>\nT: +386 51 231 024<\/p>\n<hr \/>\n<h2>Bibliography<\/h2>\n<ul>\n<li>RAZPOTNIK, Ale\u0161. POSAVEC, Luka. <a href=\"https:\/\/organistica.si\/wp-content\/uploads\/2023\/10\/08-Ecce_organum_027-julij-2022-1.pdf\" target=\"_blank\" rel=\"noopener\">Dokumentacija orgel v \u017eupnijski cerkvi v \u0160entvidu pri Sti\u010dni<\/a>, Ecce Organum, Dru\u0161tvo Jarina Bohinj, 2022, pp. 3-64<\/li>\n<li>RAZPOTNIK, Ale\u0161. POSAVEC, Luka. <a href=\"https:\/\/organistica.si\/wp-content\/uploads\/2023\/10\/12-Nove-orgle-v-zupnijski-cerkvi-svetega-Vida-v-Sentvidu-pri-Sticni-2023.pdf\" target=\"_blank\" rel=\"noopener\">Nove orgle v \u017eupnijski cerkvi svetega Vida v \u0160entvidu pri Sti\u010dni<\/a>, \u0160entvid pri Sti\u010dni: \u017dupnijski urad \u0160entvid pri Sti\u010dni, 2023, pp. 6-37, 39-41<\/li>\n<li>RAZPOTNIK, Ale\u0161. POSAVEC, Luka. <a href=\"https:\/\/organistica.si\/wp-content\/uploads\/2023\/10\/13-14-Ecce_organum_030-april-2023.pdf\" target=\"_blank\" rel=\"noopener\">Dokumentacija orgel v podru\u017eni\u010dni cerkvi nadangela Mihaela na Ol\u0161evku<\/a>, Ecce Organum, Dru\u0161tvo Jarina Bohinj, 2023, pp. 19-54<\/li>\n<li>RAZPOTNIK, Ale\u0161. POSAVEC, Luka. <a href=\"https:\/\/organistica.si\/wp-content\/uploads\/2024\/06\/23-Ecce_organum_034-april-2024.pdf\" target=\"_blank\" rel=\"noopener\">Dokumentacija orgel v \u017eupnijski cerkvi sv. Jurija v Izlakah (Peter Rumpel, 1850)<\/a>, Ecce Organum, Dru\u0161tvo Jarina Bohinj, 2024, pp.\u00a03\u201335<\/li>\n<li>RAZPOTNIK, Ale\u0161. POSAVEC, Luka.\u00a0<a href=\"https:\/\/organistica.si\/wp-content\/uploads\/2024\/07\/25-Ecce_organum_035-julij-2024.pdf\" target=\"_blank\" rel=\"noopener\">Dokumentacija orgel v \u017eupnijski cerkvi sv. Lenarta v Sostrem, Brata Zupan, 1899, Op. 71<\/a>, Ecce Organum, Dru\u0161tvo Jarina Bohinj, 2024, pp. 3\u201361<\/li>\n<li>RAZPOTNIK, Ale\u0161. DOBRAVEC Jurij. POSAVEC, Luka. <a href=\"https:\/\/organistica.si\/wp-content\/uploads\/2024\/11\/29-Razstava-Ivan-Milavec-150-2024.pdf\" target=\"_blank\" rel=\"noopener\">Ivan Milavec 150<\/a>, Exhibition on the occasion of the 150th anniversary of the organ builder&#8217;s birth and the beginning of the restoration of his organ in the Ljubljana cathedral, 2024<\/li>\n<li>RAZPOTNIK, Ale\u0161. POSAVEC, Luka. <a href=\"https:\/\/organistica.si\/wp-content\/uploads\/2025\/07\/33-Ecce-organum-039-julij-2025.pdf\" target=\"_blank\" rel=\"noopener\">Nove orgle v \u017eupnijski cerkvi sv. Vida v \u0160entvidu pri Sti\u010dni z novimi vpra\u0161anji v prihodnost<\/a>, Ecce Organum, Dru\u0161tvo Jarina Bohinj, 2025, pp. 3-111<\/li>\n<li>POSAVEC, Luka. SEV\u0160EK \u0160RAMEL Toma\u017e. RAZPOTNIK, Ale\u0161. <a href=\"https:\/\/organistica.si\/wp-content\/uploads\/2025\/10\/35-Ecce-organum-040-oktober-2025.pdf\" target=\"_blank\" rel=\"noopener\">Tehni\u010dna in zvo\u010dna nadgradnja orgel v \u017eupnijski cerkvi Device Marije v Polju (Ljubljana) opus 45 \u0160kofijske orglarske delavnice Maribor iz leta 1998<\/a>, Ecce Organum, Dru\u0161tvo Jarina Bohinj, 2025, pp. 3-55<\/li>\n<\/ul>\n<hr \/>\n<h2>Publications in the media<\/h2>\n<ul>\n<li>\u0160entvid pri Sti\u010dni parish publication, <a href=\"https:\/\/organistica.si\/wp-content\/uploads\/2024\/09\/18-Oznanila-Zupnija-Sentvid-pri-Sticni-november-2021.pdf\" target=\"_blank\" rel=\"noopener\">Na\u010drtovanje novih orgel<\/a>, \u0160entvid pri Sti\u010dni, November 2021, p. 6<\/li>\n<li>\u0160entvid pri Sti\u010dni parish publication, <a href=\"https:\/\/organistica.si\/wp-content\/uploads\/2024\/09\/19-Oznanila-Zupnija-Sentvid-pri-Sticni-december-2021.pdf\" target=\"_blank\" rel=\"noopener\">Nove \u0161entvi\u0161ke orgle bodo izdelali v Orglarstvu Mo\u010dnik<\/a>, \u0160entvid pri Sti\u010dni, December 2021, p. 6<\/li>\n<li>\u0160entvid pri Sti\u010dni parish publication, <a href=\"https:\/\/organistica.si\/wp-content\/uploads\/2024\/09\/20-Oznanila-Zupnija-Sentvid-pri-Sticni-januar-2022.pdf\" target=\"_blank\" rel=\"noopener\">Mojster Mo\u010dnik \u017ee pripravlja na\u010drte za nove \u0161entvi\u0161ke orgle<\/a>, \u0160entvid pri Sti\u010dni, January 2022, p. 6<\/li>\n<li>\u0160entvid pri Sti\u010dni parish publication, <a href=\"https:\/\/organistica.si\/wp-content\/uploads\/2024\/09\/21-Oznanila-Zupnija-Sentvid-pri-Sticni-februar-2022.pdf\" target=\"_blank\" rel=\"noopener\">Na\u010drti za nove orgle v zaklju\u010dni fazi<\/a>, \u0160entvid pri Sti\u010dni, February 2022, p. 6<\/li>\n<li>\u0160entvid pri Sti\u010dni parish publication, <a href=\"https:\/\/organistica.si\/wp-content\/uploads\/2024\/09\/22-Oznanila-Zupnija-Sentvid-pri-Sticni-marec-2022.pdf\" target=\"_blank\" rel=\"noopener\">Nove orgle bodo ohranjale dedi\u0161\u010dino na\u0161ih prednikov<\/a>, \u0160entvid pri Sti\u010dni, March 2022, p. 6<\/li>\n<li>\u0160entvid pri Sti\u010dni parish publication, <a href=\"https:\/\/organistica.si\/wp-content\/uploads\/2024\/09\/23-Oznanila-Zupnija-Sentvid-pri-Sticni-maj-2022.pdf\" target=\"_blank\" rel=\"noopener\">Orgelski igralnik, oblikovan v stilu 19. stoletja, bo vseboval sodobne elektronske pripomo\u010dke<\/a>, \u0160entvid pri Sti\u010dni, May 2022, p. 6<\/li>\n<li>\u0160entvid pri Sti\u010dni parish publication, <a href=\"https:\/\/organistica.si\/wp-content\/uploads\/2024\/09\/25-Oznanila-Zupnija-Sentvid-pri-Sticni-julij-2022.pdf\" target=\"_blank\" rel=\"noopener\">Stare orgle so se poslovile<\/a>, \u0160entvid pri Sti\u010dni, July 2022, p. 6<\/li>\n<li>Beti Burger, <a href=\"https:\/\/organistica.si\/wp-content\/uploads\/2023\/10\/04-Delo-petek-17.3.2023.pdf\" target=\"_blank\" rel=\"noopener\">Vsake orgle so svet zase<\/a>, Delo, 17. 3. 2023, p. 12<\/li>\n<li>Miro Pivar, <a href=\"https:\/\/domzalec.si\/kultura\/ustvarjalci\/znamenite-gorsiceve-orgle-v-zupniji-sv-mihaela-v-mengsu-bodo-delezne-obnove\/\" target=\"_blank\" rel=\"noopener\">Znamenite Gor\u0161i\u010deve orgle v \u017eupniji sv. Mihaela v Meng\u0161u bodo dele\u017ene obnove<\/a>, www.domzalec.si, 23. 4. 2023<\/li>\n<li>Ne\u017ea Hribar, <a href=\"https:\/\/organistica.si\/wp-content\/uploads\/2023\/10\/06-Cerkveni-glasbenik-2023-letnik-116-st.-2.pdf\" target=\"_blank\" rel=\"noopener\">Priprave na obnovo orgel v Meng\u0161u<\/a>, Cerkveni glasbenik (Vol. 116, No. 2), Ljubljana: Zalo\u017eba Dru\u017eina, 2023, p. 17<\/li>\n<li>Jurij Dobravec, <a href=\"https:\/\/organistica.si\/wp-content\/uploads\/2024\/06\/07-Cerkveni-glasbenik-2023-letnik-116-st.-4.pdf\" target=\"_blank\" rel=\"noopener\">Nove orgle v \u0160entvidu pri Sti\u010dni<\/a>, Cerkveni glasbenik (Vol. 116, No. 4), Ljubljana: Zalo\u017eba Dru\u017eina, 2023, p. 23<\/li>\n<li>organ_Journal f\u00fcr die Orgel, <a href=\"https:\/\/organistica.si\/wp-content\/uploads\/2024\/10\/27-Organ-Journal-fur-die-Orgel-3-2024.pdf\" target=\"_blank\" rel=\"noopener\">Das Orgelerbe Sloweniens<\/a>, Verlag Schott Music, 2024, pp. 4-5<\/li>\n<li>Katja Zver, <a href=\"https:\/\/www.druzina.si\/clanek\/nova-spletna-stran-za-ozivljanje-orgelske-dediscine\" target=\"_blank\" rel=\"noopener\">Za\u017eivela nova spletna stran za o\u017eivljanje orgelske dedi\u0161\u010dine<\/a>, www.druzina.si, 10. 7. 2024<\/li>\n<li>Jo\u017ee Bartolj, <a href=\"https:\/\/avdio.ognjisce.si\/oddaja\/ku_2024_10_15_Gregor_Klancic_Prenova_orgel_v_stolnici\" target=\"_blank\" rel=\"noopener\">Prenova orgel v Ljubljanski stolnici, Radio Ognji\u0161\u010de<\/a>, radio broadcast Kulturni utrinki, 15. 10. 2024<\/li>\n<li>Tadeja Petrov\u010di\u010d Jerina, <a href=\"https:\/\/www.druzina.si\/clanek\/slovesen-zacetek-projekta-obnove-milavcevih-orgel-v-ljubljanski-stolnici-foto\" target=\"_blank\" rel=\"noopener\">Slovesen za\u010detek projekta obnove Milav\u010devih orgel v ljubljanski stolnici<\/a>, www.druzina.si, 23. 10. 2024<\/li>\n<li><a href=\"https:\/\/katoliska-cerkev.si\/zacela-se-bo-dolgo-pricakovana-obnova-milavcevih-orgel-v-ljubljanski-stolnici\" target=\"_blank\" rel=\"noopener\">Za\u010dela se bo dolgo pri\u010dakovana obnova Milav\u010devih orgel v ljubljanski stolnici<\/a>, www.katoliska-cerkev.si, 20. 10. 2024<\/li>\n<li>Simona Zvonar, <a href=\"https:\/\/organistica.si\/wp-content\/uploads\/2024\/12\/30-Klasje-november-2024.pdf\" target=\"_blank\" rel=\"noopener\">Prvi koncert orgelskega cikla v \u0160entvidu: Martin Sturm \u2013 Med sanjami in resni\u010dnostjo &#8211; zaklju\u010den s stoje\u010dimi ovacijami<\/a>, Klasje, Ivan\u010dna Gorica residents&#8217; newspaper, Vol. XXX, Nov 2024, No. 7, p. 29<\/li>\n<li>DVVLIO Project, <a href=\"https:\/\/www.youtube.com\/watch?v=40FSuaczQRQ\" target=\"_blank\" rel=\"noopener\">Educational video with Prof. Dr. h.c. Christoph Bossert on the historic organ from 1649 in the Church of the Immaculate Conception of the Blessed Virgin Mary in Lepoglava<\/a>, Luka Posavec and Ale\u0161 Razpotnik: discussion, 6. 12. 2024<\/li>\n<li>Toma\u017e Sev\u0161ek \u0160ramel, <a href=\"https:\/\/organistica.si\/wp-content\/uploads\/2025\/03\/34-Cerkveni-glasbenik-2025-letnik-118-st-1-str-18.pdf\" target=\"_blank\" rel=\"noopener\">Tehni\u010dna in zvo\u010dna nadgradnja orgel v \u017eupnijski cerkvi Device Marije v Polju (Ljubljana)<\/a>, Cerkveni glasbenik (Vol. 118, No. 1), Ljubljana: Zalo\u017eba Dru\u017eina, 2025, p. 18<\/li>\n<li>C. \u0160., <a href=\"https:\/\/nova24tv.si\/video-dokumentarec-o-postavitvi-novih-orgel-v-cerkvi-sv-vida-v-sentvidu-pri-sticni\/\" target=\"_blank\" rel=\"noopener\">Dokumentarec o postavitvi novih orgel v cerkvi sv. Vida v \u0160entvidu pri Sti\u010dni<\/a>, Nova24TV, 3. 2. 2026<\/li>\n<li><a href=\"https:\/\/katoliska-cerkev.si\/dokumentarni-film-o-orglah-v-zupnijski-cerkvi-sv-vida-v-sentvidu-pri-sticni-02-26\" target=\"_blank\" rel=\"noopener\">Dokumentarni film o orglah v \u017eupnijski cerkvi sv. Vida v \u0160entvidu pri Sti\u010dni<\/a>, www.katoliska-cerkev.si, 4. 2. 2026<\/li>\n<li>Ga\u0161per S., <a href=\"https:\/\/www.ivancna-gorica.si\/objava\/1232687\" target=\"_blank\" rel=\"noopener\">Video predstavitev orgel v \u017eupnijski cerkvi sv. Vida v \u0160entvidu pri Sti\u010dni<\/a>, www.ivancna-gorica.si, 5. 2. 2026<\/li>\n<li>P. G., <a href=\"https:\/\/www.druzina.si\/clanek\/ob-postavitvi-novih-orgel-v-sentvidu-pri-sticni-nastal-dokumentarni-film\" target=\"_blank\" rel=\"noopener\">Ob postavitvi novih orgel v \u0160entvidu pri Sti\u010dni nastal dokumentarni film<\/a>, www.druzina.si, 7. 2. 2026<\/li>\n<li>Matej \u0160teh, <a href=\"https:\/\/organistica.si\/wp-content\/uploads\/2026\/03\/38-Klasje-februar-2026.pdf\" target=\"_blank\" rel=\"noopener\">Nove \u0161entvi\u0161ke orgle sedaj tudi v dokumentarnem filmu<\/a>, Klasje, Ivan\u010dna Gorica residents&#8217; newspaper, Vol. XXXII, February 2026, No. 2, p. 25<\/li>\n<\/ul>\n<hr \/>\n<h2>Film scripts and directing<\/h2>\n<ul>\n<li>Documentary film <a href=\"https:\/\/www.youtube.com\/watch?v=SJtEC0nk6bI\" target=\"_blank\" rel=\"noopener\">Zgodovina glasbe in orgel v ljubljanski stolnici<\/a>, 2024, Screenwriters: Gregor Klan\u010di\u010d, Luka Posavec, Toma\u017e Sev\u0161ek \u0160ramel; Director: Luka Posavec<\/li>\n<li>Documentary film <a href=\"https:\/\/www.youtube.com\/watch?v=UF7MVhNVA70\" target=\"_blank\" rel=\"noopener\">Orgle v \u017eupnijski cerkvi sv. Vida v \u0160entvidu pri Sti\u010dni<\/a>, 2026, Screenwriters: Luka Posavec, Ale\u0161 Razpotnik, Dragica \u0160teh; Directors: Luka Posavec, Ale\u0161 Razpotnik<\/li>\n<\/ul>\n","protected":false},"excerpt":{"rendered":"","protected":false},"author":1,"featured_media":563,"parent":706,"menu_order":0,"comment_status":"closed","ping_status":"closed","template":"","meta":{"_acf_changed":false,"inline_featured_image":false,"footnotes":""},"class_list":["post-701","page","type-page","status-publish","has-post-thumbnail"],"acf":[],"_links":{"self":[{"href":"https:\/\/organistica.si\/en\/wp-json\/wp\/v2\/pages\/701","targetHints":{"allow":["GET"]}}],"collection":[{"href":"https:\/\/organistica.si\/en\/wp-json\/wp\/v2\/pages"}],"about":[{"href":"https:\/\/organistica.si\/en\/wp-json\/wp\/v2\/types\/page"}],"author":[{"embeddable":true,"href":"https:\/\/organistica.si\/en\/wp-json\/wp\/v2\/users\/1"}],"replies":[{"embeddable":true,"href":"https:\/\/organistica.si\/en\/wp-json\/wp\/v2\/comments?post=701"}],"version-history":[{"count":34,"href":"https:\/\/organistica.si\/en\/wp-json\/wp\/v2\/pages\/701\/revisions"}],"predecessor-version":[{"id":3532,"href":"https:\/\/organistica.si\/en\/wp-json\/wp\/v2\/pages\/701\/revisions\/3532"}],"up":[{"embeddable":true,"href":"https:\/\/organistica.si\/en\/wp-json\/wp\/v2\/pages\/706"}],"wp:featuredmedia":[{"embeddable":true,"href":"https:\/\/organistica.si\/en\/wp-json\/wp\/v2\/media\/563"}],"wp:attachment":[{"href":"https:\/\/organistica.si\/en\/wp-json\/wp\/v2\/media?parent=701"}],"curies":[{"name":"wp","href":"https:\/\/api.w.org\/{rel}","templated":true}]}}